{"id":10,"date":"2011-06-20T01:53:06","date_gmt":"2011-06-19T23:53:06","guid":{"rendered":"http:\/\/skradzionymotocykl.pl\/baza\/?page_id=10"},"modified":"2020-05-05T22:24:32","modified_gmt":"2020-05-05T20:24:32","slug":"kontakt-2","status":"publish","type":"page","link":"http:\/\/skradzionymotocykl.pl\/baza\/kontakt-2\/","title":{"rendered":"Kontakt"},"content":{"rendered":"<p>Aby skontaktowa\u0107 si\u0119 z nami skorzystaj z formularza<\/p>\n<div id=\"usermessage2a\" class=\"cf_info \"><\/div><form enctype=\"multipart\/form-data\" action=\"\/baza\/wp-json\/wp\/v2\/pages\/10#usermessage2a\" method=\"post\" class=\"cform kontakt3 \" id=\"cforms2form\"><ol class=\"cf-ol\"><li id=\"li-2-1\" class=\"\"><label id=\"label-2-1\" for=\"cf2_field_1\"><span>Imi\u0119<\/span><\/label><input type=\"text\" name=\"cf2_field_1\" id=\"cf2_field_1\" class=\"single fldrequired\" value=\"\" title=\"\"\/><span class=\"reqtxt\">(required)<\/span><\/li><li id=\"li-2-2\" class=\"\"><label id=\"label-2-2\" for=\"cf2_field_2\"><span>temat<\/span><\/label><input type=\"text\" name=\"cf2_field_2\" id=\"cf2_field_2\" class=\"single fldrequired\" value=\"\" title=\"\"\/><span class=\"reqtxt\">(required)<\/span><\/li><li id=\"li-2-3\" class=\"\"><label id=\"label-2-3\" for=\"cf2_field_3\"><span>e-mail<\/span><\/label><input type=\"text\" name=\"cf2_field_3\" id=\"cf2_field_3\" class=\"single fldemail fldrequired\" value=\"\" title=\"\"\/><span class=\"emailreqtxt\">(valid email required)<\/span><\/li><li id=\"li-2-4\" class=\"\"><label id=\"label-2-4\" for=\"cf2_field_4\"><span>tre\u015b\u0107 wiadomo\u015bci<\/span><\/label><textarea cols=\"30\" rows=\"8\" name=\"cf2_field_4\" id=\"cf2_field_4\" class=\"area fldrequired\" title=\"\"><\/textarea><span class=\"reqtxt\">(required)<\/span><\/li><li id=\"li-2-5\" class=\"\"><label id=\"label-2-5\" for=\"cf2_field_5\"><span>rozwi\u0105\u017c zadanie s\u0142ownie (podpowied\u017a)<\/span><\/label><input readonly=\"readonly\" disabled=\"disabled\" type=\"text\" name=\"cf2_field_5\" id=\"cf2_field_5\" class=\"single readonly\" value=\"\" title=\"\"\/><\/li><li id=\"li-2-6\" class=\"\"><label for=\"cf2_field_6\" class=\"secq\"><span>2+2 (cztery)<\/span><\/label><input type=\"text\" name=\"cforms2_question_and_answer\" id=\"cf2_field_6\" class=\"secinput fldrequired \" title=\"\"\/><input type=\"hidden\" name=\"cforms2_question_and_answer\/hint\" value=\"1\"\/><\/li><\/ol><fieldset class=\"cf_hidden\"><legend>&nbsp;<\/legend><input type=\"hidden\" name=\"cf_working2\" id=\"cf_working2\" value=\"<span>poczekaj<\/span>\"\/><input type=\"hidden\" name=\"cf_failure2\" id=\"cf_failure2\" value=\"<span>B\u0142\u0105d podczas wysy\u0142ania wiadomo\u015bci<\/span>\"\/><input type=\"hidden\" name=\"cf_customerr2\" id=\"cf_customerr2\" value=\"y\"\/><\/fieldset><p class=\"cf-sb\"><input type=\"submit\" name=\"sendbutton2\" id=\"sendbutton2\" class=\"sendbutton\" value=\"wy\u015blij\" \/><\/p><\/form>\n","protected":false},"excerpt":{"rendered":"<p>Aby skontaktowa\u0107 si\u0119 z nami skorzystaj z formularza<\/p>\n","protected":false},"author":1,"featured_media":0,"parent":0,"menu_order":0,"comment_status":"closed","ping_status":"open","template":"","meta":[],"_links":{"self":[{"href":"http:\/\/skradzionymotocykl.pl\/baza\/wp-json\/wp\/v2\/pages\/10"}],"collection":[{"href":"http:\/\/skradzionymotocykl.pl\/baza\/wp-json\/wp\/v2\/pages"}],"about":[{"href":"http:\/\/skradzionymotocykl.pl\/baza\/wp-json\/wp\/v2\/types\/page"}],"author":[{"embeddable":true,"href":"http:\/\/skradzionymotocykl.pl\/baza\/wp-json\/wp\/v2\/users\/1"}],"replies":[{"embeddable":true,"href":"http:\/\/skradzionymotocykl.pl\/baza\/wp-json\/wp\/v2\/comments?post=10"}],"version-history":[{"count":15,"href":"http:\/\/skradzionymotocykl.pl\/baza\/wp-json\/wp\/v2\/pages\/10\/revisions"}],"predecessor-version":[{"id":1995,"href":"http:\/\/skradzionymotocykl.pl\/baza\/wp-json\/wp\/v2\/pages\/10\/revisions\/1995"}],"wp:attachment":[{"href":"http:\/\/skradzionymotocykl.pl\/baza\/wp-json\/wp\/v2\/media?parent=10"}],"curies":[{"name":"wp","href":"https:\/\/api.w.org\/{rel}","templated":true}]}}