{"id":1591,"date":"2018-05-31T13:14:59","date_gmt":"2018-05-31T11:14:59","guid":{"rendered":"http:\/\/skradzionymotocykl.pl\/baza\/?page_id=1591"},"modified":"2018-05-31T13:14:59","modified_gmt":"2018-05-31T11:14:59","slug":"polityka-prywatnosci","status":"publish","type":"page","link":"http:\/\/skradzionymotocykl.pl\/baza\/polityka-prywatnosci\/","title":{"rendered":"Polityka prywatno\u015bci"},"content":{"rendered":"<p><span style=\"color: #000000;\"><span style=\"font-family: Verdana, sans-serif;\"><span style=\"font-size: small;\">Og\u00f3lnopolska Baza Skradzionych Motocykli przywi\u0105zuje szczeg\u00f3ln\u0105 wag\u0119 do poszanowania prywatno\u015bci u\u017cytkownik\u00f3w odwiedzaj\u0105cych serwis skradzionymotocykl.pl. Poni\u017cszy tekst okre\u015bla zasady korzystania z naszego serwisu oraz ich polityk\u0119 prywatno\u015bci.<\/span><\/span><\/span><\/p>\n<h2 class=\"western\" align=\"LEFT\"><span style=\"color: #000000;\"><span style=\"font-family: Verdana, sans-serif;\"><span style=\"font-size: small;\"><b>Jakie dane o Tobie zbieramy?<\/b><\/span><\/span><\/span><\/h2>\n<p><strong><span style=\"color: #000000;\"><span style=\"font-family: Verdana, sans-serif;\"><span style=\"font-size: small;\">Dane zbierane automatycznie<br \/>\n<\/span><\/span><\/span><\/strong><span style=\"color: #000000;\"><span style=\"font-family: Verdana, sans-serif;\"><span style=\"font-size: small;\">Podczas Twojej wizyty na naszej stronie internetowej, automatycznie zbierane s\u0105 anonimowe dane dotycz\u0105ce Twojej wizyty, np. Tw\u00f3j adres IP, nazwa domeny, typ przegl\u0105darki, typ systemu operacyjnego, itp.<\/span><\/span><\/span><\/p>\n<p><strong><span style=\"color: #000000;\"><span style=\"font-family: Verdana, sans-serif;\"><span style=\"font-size: small;\">Dane zbierane, gdy kontaktujesz si\u0119 z nami<br \/>\n<\/span><\/span><\/span><\/strong><span style=\"color: #000000;\"><span style=\"font-family: Verdana, sans-serif;\"><span style=\"font-size: small;\">Gdy kontaktujesz si\u0119 z nami za pomoc\u0105\u00a0telefonu, poczty e-mail itp., przekazujesz nam swoje dane osobowe, np. imi\u0119, nazwisko, adres e-mail, nr telefonu.<\/span><\/span><\/span><\/p>\n<p><strong><span style=\"color: #000000;\"><span style=\"font-family: Verdana, sans-serif;\"><span style=\"font-size: small;\">Dane zbierane podczas zg\u0142oszenia kradzie\u017cy pojazdu<br \/>\n<\/span><\/span><\/span><\/strong><span style=\"color: #000000;\"><span style=\"font-family: Verdana, sans-serif;\"><span style=\"font-size: small;\">Aby\u015b m\u00f3g\u0142 skorzysta\u0107 z niekt\u00f3rych funkcji naszego serwisu b\u0119dziesz musia\u0142 poda\u0107 niekt\u00f3re dane. Podczas zg\u0142oszenia kradzie\u017cy oraz przes\u0142ania formularza zapytamy Ci\u0119 o Tw\u00f3j adres e-mail i numer telefonu, numer vin pojazdu<\/span><\/span><\/span><\/p>\n<p class=\"western\" align=\"LEFT\"><span style=\"color: #000000;\"><span style=\"font-family: Verdana, sans-serif;\"><span style=\"font-size: small;\"><b>W jaki spos\u00f3b wykorzystujemy Twoje dane?<br \/>\n<\/b><\/span><\/span><\/span><span style=\"color: #000000;\"><span style=\"font-family: Verdana, sans-serif;\"><span style=\"font-size: small;\">Dane zbierane podczas przes\u0142ania formularza kradzie\u017cy motocykla s\u0142u\u017c\u0105 wy\u0142\u0105cznie do publikacji zg\u0142oszenia i opublikowaniu go na stronie internetowej skradzionymotocykl.pl<br \/>\n<\/span><\/span><\/span><span style=\"color: #000000;\"><span style=\"font-family: Verdana, sans-serif;\"><span style=\"font-size: small;\">Dane zbierane automatycznie mog\u0105 by\u0107 u\u017cyte do analizy zachowa\u0144 u\u017cytkownik\u00f3w na naszej stronie internetowej. Zbierane s\u0105 tak\u017ce dane demograficzne, adres IP, \u017ar\u00f3d\u0142o odes\u0142ania oraz inne dane (patrz pliki cookies)<br \/>\n<\/span><\/span><\/span><span style=\"color: #000000;\"><span style=\"font-family: Verdana, sans-serif;\"><span style=\"font-size: small;\">Dane zbierane w trakcie korespondencji pomi\u0119dzy Tob\u0105 a naszym serwisem b\u0119d\u0105 wykorzystane wy\u0142\u0105cznie w celu odpowiedzi na Twoje zapytania.<br \/>\n<\/span><\/span><\/span><span style=\"color: #000000;\"><span style=\"font-family: Verdana, sans-serif;\"><span style=\"font-size: small;\">W przypadku kontroli Generalnego Inspektoratu Ochrony Danych Osobowych, Twoje dane mog\u0105 zosta\u0107 udost\u0119pnione pracownikom Inspektoratu zgodnie z ustaw\u0105 o ochronie danych osobowych.<br \/>\n<\/span><\/span><\/span><span style=\"color: #000000;\"><span style=\"font-family: Verdana, sans-serif;\"><span style=\"font-size: small;\">W przypadku naruszenia zasad korzystania z naszego serwisu, naruszenia prawa, lub gdy b\u0119d\u0105 wymaga\u0142y tego przepisy prawa, mo\u017cemy udost\u0119pni\u0107 Twoje dane organom wymiaru sprawiedliwo\u015bci.<\/span><\/span><\/span><\/p>\n<p class=\"western\" align=\"LEFT\"><span style=\"color: #000000;\"><span style=\"font-family: Verdana, sans-serif;\"><span style=\"font-size: small;\"><b>W jaki spos\u00f3b b\u0119dziemy si\u0119 z Tob\u0105 kontaktowa\u0107?<br \/>\n<\/b><\/span><\/span><\/span><span style=\"color: #000000;\"><span style=\"font-family: Verdana, sans-serif;\"><span style=\"font-size: small;\">Je\u017celi kontaktowa\u0142e\u015b si\u0119 z nami, mo\u017cesz od nas otrzyma\u0107 odpowied\u017a drog\u0105 e-mailow\u0105 lub w inny wskazany przez Ciebie spos\u00f3b.<\/span><\/span><\/span><\/p>\n<p class=\"western\" align=\"LEFT\"><span style=\"color: #000000;\"><span style=\"font-family: Verdana, sans-serif;\"><span style=\"font-size: small;\"><b>W jaki spos\u00f3b mo\u017cesz poinformowa\u0107 nas o zmianie danych?<br \/>\n<\/b><\/span><\/span><\/span><span style=\"color: #000000;\"><span style=\"font-family: Verdana, sans-serif;\"><span style=\"font-size: small;\">W sprawie zmiany lub usuni\u0119cia danych prosimy o kontakt <\/span><\/span><\/span><\/p>\n<p><span style=\"color: #000000;\"><span style=\"font-family: Verdana, sans-serif;\"><span style=\"font-size: small;\"><strong>Jaka jest podstawa prawna przetwarzania danych i\u00a0jak d\u0142ugo dane b\u0119d\u0105 przetwarzane?<\/strong><br \/>\nB\u0119dziemy przetwarza\u0107 Twoje dane tylko w\u00a0takich celach na\u00a0jakie zgodzi\u0142e\u015b\/a\u015b si\u0119 poprzez klikni\u0119cia w\u00a0odpowiednie pola formularza zamieszczonego w\u00a0Serwisie lub\u00a0w\u00a0inny wyra\u017any spos\u00f3b. Podstaw\u0105 prawn\u0105 przetwarzania Twoich danych osobowych jest Twoja zgoda na\u00a0przetwarzanie danych lub\u00a0wym\u00f3g realizacji us\u0142ugi (np. zam\u00f3wienie Produktu) kt\u00f3r\u0105 u\u00a0nas zam\u00f3wi\u0142e\u015b (stosownie do\u00a0artyku\u0142u 6 ust. 1 lit a\u00a0i b Rozporz\u0105dzenia Parlamentu Europejskiego i\u00a0Rady (UE) 2016\/679 z\u00a0dnia 27 kwietnia 2016 r. w\u00a0sprawie ochrony os\u00f3b fizycznych w\u00a0zwi\u0105zku z\u00a0przetwarzaniem danych osobowych i\u00a0w sprawie swobodnego przep\u0142ywu takich danych oraz\u00a0uchylenia dyrektywy 95\/46\/WE (og\u00f3lne rozporz\u0105dzenie o\u00a0ochronie danych) &#8211;\u00a0RODO.<\/span><\/span><\/span><\/p>\n<p class=\"western\" align=\"LEFT\"><span style=\"color: #000000;\"><span style=\"font-family: Verdana, sans-serif;\"><span style=\"font-size: small;\"><b>Wykorzystanie ciasteczek (&#8222;cookies&#8221;)<br \/>\n<\/b><\/span><\/span><\/span><span style=\"color: #000000;\"><span style=\"font-family: Verdana, sans-serif;\"><span style=\"font-size: small;\">Nasz serwis internetowy mog\u0105 wykorzystywa\u0107 ciasteczka. Identyfikuj\u0105 one Twoj\u0105 przegl\u0105dark\u0119 oraz usprawniaj\u0105 dzia\u0142anie naszego serwisu. Ciasteczka nie zawieraj\u0105 \u017cadnych danych osobowych.<\/span><\/span><\/span><\/p>\n<p class=\"western\" align=\"LEFT\"><span style=\"color: #000000;\"><span style=\"font-family: Verdana, sans-serif;\"><span style=\"font-size: small;\"><b>Statystyki serwisu<br \/>\n<\/b><\/span><\/span><\/span><span style=\"color: #000000;\"><span style=\"font-family: Verdana, sans-serif;\"><span style=\"font-size: small;\">Nasz serwis gromadzi anonimowe dane dotycz\u0105ce odwiedzanych stron. Dane te s\u0142u\u017c\u0105 wy\u0142\u0105cznie do analizy statystycznej ruchu w serwisach, np. okre\u015blenia popularno\u015bci poszczeg\u00f3lnych cz\u0119\u015bci serwisu.<\/span><\/span><\/span><\/p>\n<p class=\"western\" align=\"LEFT\"><span style=\"color: #000000;\"><span style=\"font-family: Verdana, sans-serif;\"><span style=\"font-size: small;\"><b>W jaki spos\u00f3b zabezpieczamy Twoje dane osobowe?<br \/>\n<\/b><\/span><\/span><\/span><span style=\"color: #000000;\"><span style=\"font-family: Verdana, sans-serif;\"><span style=\"font-size: small;\">Nasze bazy danych zabezpieczone s\u0105 przed wgl\u0105dem os\u00f3b trzecich.<\/span><\/span><\/span><\/p>\n<p class=\"western\" align=\"LEFT\"><span style=\"color: #000000;\"><span style=\"font-family: Verdana, sans-serif;\"><span style=\"font-size: small;\"><b>Zmiany naszej polityki prywatno\u015bci<br \/>\n<\/b><\/span><\/span><\/span><span style=\"color: #000000;\"><span style=\"font-family: Verdana, sans-serif;\"><span style=\"font-size: small;\">Zastrzegamy sobie prawo zmiany powy\u017cszej polityki prywatno\u015bci przez opublikowanie nowej polityki prywatno\u015bci na tej stronie.<\/span><\/span><\/span><\/p>\n<p class=\"western\" align=\"LEFT\"><span style=\"color: #000000;\"><span style=\"font-family: Verdana, sans-serif;\"><span style=\"font-size: small;\"><b>Kontakt<br \/>\n<\/b><\/span><\/span><\/span><span style=\"color: #000000;\"><span style=\"font-family: Verdana, sans-serif;\"><span style=\"font-size: small;\">W razie dodatkowych pyta\u0144 dotycz\u0105cych ochrony prywatno\u015bci, prosimy o <a href=\"http:\/\/skradzionymotocykl.pl\/baza\/kontakt-2\/\">kontakt<\/a><\/span><\/span><\/span><\/p>\n<p>&nbsp;<\/p>\n","protected":false},"excerpt":{"rendered":"<p>Og\u00f3lnopolska Baza Skradzionych Motocykli przywi\u0105zuje szczeg\u00f3ln\u0105 wag\u0119 do poszanowania prywatno\u015bci [&hellip;]<\/p>\n","protected":false},"author":1,"featured_media":0,"parent":0,"menu_order":0,"comment_status":"closed","ping_status":"closed","template":"","meta":[],"_links":{"self":[{"href":"http:\/\/skradzionymotocykl.pl\/baza\/wp-json\/wp\/v2\/pages\/1591"}],"collection":[{"href":"http:\/\/skradzionymotocykl.pl\/baza\/wp-json\/wp\/v2\/pages"}],"about":[{"href":"http:\/\/skradzionymotocykl.pl\/baza\/wp-json\/wp\/v2\/types\/page"}],"author":[{"embeddable":true,"href":"http:\/\/skradzionymotocykl.pl\/baza\/wp-json\/wp\/v2\/users\/1"}],"replies":[{"embeddable":true,"href":"http:\/\/skradzionymotocykl.pl\/baza\/wp-json\/wp\/v2\/comments?post=1591"}],"version-history":[{"count":1,"href":"http:\/\/skradzionymotocykl.pl\/baza\/wp-json\/wp\/v2\/pages\/1591\/revisions"}],"predecessor-version":[{"id":1592,"href":"http:\/\/skradzionymotocykl.pl\/baza\/wp-json\/wp\/v2\/pages\/1591\/revisions\/1592"}],"wp:attachment":[{"href":"http:\/\/skradzionymotocykl.pl\/baza\/wp-json\/wp\/v2\/media?parent=1591"}],"curies":[{"name":"wp","href":"https:\/\/api.w.org\/{rel}","templated":true}]}}